{"id":862,"date":"2017-09-11T15:46:08","date_gmt":"2017-09-11T15:46:08","guid":{"rendered":"http:\/\/www.rhino.com.bo\/?page_id=862"},"modified":"2018-02-23T13:13:33","modified_gmt":"2018-02-23T13:13:33","slug":"espirales","status":"publish","type":"page","link":"https:\/\/www.rhino.com.bo\/?page_id=862","title":{"rendered":"Espirales"},"content":{"rendered":"<div id=\"pl-862\"  class=\"panel-layout\" ><div id=\"pg-862-0\"  class=\"panel-grid panel-has-style\" ><div class=\"siteorigin-panels-stretch panel-row-style panel-row-style-for-862-0\" data-stretch-type=\"full\" ><div id=\"pgc-862-0-0\"  class=\"panel-grid-cell\" ><div id=\"panel-862-0-0-0\" class=\"so-panel widget widget_sow-image panel-first-child panel-last-child\" data-index=\"0\" ><div\n\t\t\t\n\t\t\tclass=\"so-widget-sow-image so-widget-sow-image-default-d6014b76747a-862\"\n\t\t\t\n\t\t>\n\n<div class=\"sow-image-container\">\n\t\t<img decoding=\"async\" src=\"https:\/\/www.rhino.com.bo\/wp-content\/uploads\/02-Espirales.jpg\" width=\"827\" height=\"709\" srcset=\"https:\/\/www.rhino.com.bo\/wp-content\/uploads\/02-Espirales.jpg 827w, https:\/\/www.rhino.com.bo\/wp-content\/uploads\/02-Espirales-300x257.jpg 300w, https:\/\/www.rhino.com.bo\/wp-content\/uploads\/02-Espirales-768x658.jpg 768w\" sizes=\"(max-width: 827px) 100vw, 827px\" title=\"02 Espirales\" alt=\"\" loading=\"lazy\" \t\tclass=\"so-widget-image\"\/>\n\t<\/div>\n\n<\/div><\/div><\/div><div id=\"pgc-862-0-1\"  class=\"panel-grid-cell\" ><div id=\"panel-862-0-1-0\" class=\"so-panel widget widget_sow-editor panel-first-child\" data-index=\"1\" ><div class=\"panel-widget-style panel-widget-style-for-862-0-1-0\" ><div\n\t\t\t\n\t\t\tclass=\"so-widget-sow-editor so-widget-sow-editor-base\"\n\t\t\t\n\t\t>\n<div class=\"siteorigin-widget-tinymce textwidget\">\n\t<p>El espiral es un componente el\u00e1stico de la suspensi\u00f3n que sostiene el peso total del veh\u00edculo en altura y auxilia al amortiguador en la absorci\u00f3n de impactos proporcionados por las irregularidades del suelo.\u00a0El espiral es un componente importante que apoya en el control de la estabilidad del veh\u00edculo as\u00ed como en su adherencia al piso. \u00a0El espiral en buen estado ayuda tambi\u00e9n a alargar la vida \u00fatil del amortiguador, neum\u00e1tico y otras partes de la suspensi\u00f3n.<\/p>\n<p>El espiral RHINO fue dise\u00f1ado para su uso en terrenos irregulares manteniendo siempre el confort de los pasajeros y seguridad de los mismos en primera instancia, es producido sobre un escrito control de calidad, bajo tecnolog\u00eda de punta con la mejor materia prima a nivel mundial.<\/p><\/div>\n<\/div><\/div><\/div><div id=\"panel-862-0-1-1\" class=\"so-panel widget widget_sow-button panel-last-child\" data-index=\"2\" ><div\n\t\t\t\n\t\t\tclass=\"so-widget-sow-button so-widget-sow-button-wire-cca552de5ea1-862\"\n\t\t\t\n\t\t><div class=\"ow-button-base ow-button-align-left\">\n\t<a href=\"http:\/\/www.rhino.com.bo\/wp-content\/uploads\/ResortesHelicoidales01.jpg\" class=\"ow-icon-placement-left ow-button-hover\" target=\"_blank\" rel=\"noopener noreferrer\" \t\t>\n\t\t<span>\n\t\t\t\n\t\t\tVer m\u00e1s...\t\t<\/span>\n\t<\/a>\n<\/div>\n<\/div><\/div><\/div><\/div><\/div><\/div>","protected":false},"excerpt":{"rendered":"<p>El espiral es un componente el\u00e1stico de la suspensi\u00f3n que sostiene el peso total del veh\u00edculo en altura y auxilia al amortiguador en la absorci\u00f3n de impactos proporcionados por las irregularidades del suelo.\u00a0El espiral es un componente importante que apoya en el control de la estabilidad del veh\u00edculo as\u00ed como en su adherencia al piso. \u00a0El espiral en buen estado ayuda tambi\u00e9n a alargar la vida \u00fatil del amortiguador, neum\u00e1tico y otras partes de la suspensi\u00f3n. El espiral RHINO fue dise\u00f1ado para su uso en terrenos irregulares manteniendo siempre el confort de los pasajeros y seguridad de los mismos en&#8230; <\/p>\n","protected":false},"author":1,"featured_media":0,"parent":853,"menu_order":0,"comment_status":"closed","ping_status":"closed","template":"template-left-sidebar.php","meta":{"footnotes":""},"_links":{"self":[{"href":"https:\/\/www.rhino.com.bo\/index.php?rest_route=\/wp\/v2\/pages\/862"}],"collection":[{"href":"https:\/\/www.rhino.com.bo\/index.php?rest_route=\/wp\/v2\/pages"}],"about":[{"href":"https:\/\/www.rhino.com.bo\/index.php?rest_route=\/wp\/v2\/types\/page"}],"author":[{"embeddable":true,"href":"https:\/\/www.rhino.com.bo\/index.php?rest_route=\/wp\/v2\/users\/1"}],"replies":[{"embeddable":true,"href":"https:\/\/www.rhino.com.bo\/index.php?rest_route=%2Fwp%2Fv2%2Fcomments&post=862"}],"version-history":[{"count":18,"href":"https:\/\/www.rhino.com.bo\/index.php?rest_route=\/wp\/v2\/pages\/862\/revisions"}],"predecessor-version":[{"id":1102,"href":"https:\/\/www.rhino.com.bo\/index.php?rest_route=\/wp\/v2\/pages\/862\/revisions\/1102"}],"up":[{"embeddable":true,"href":"https:\/\/www.rhino.com.bo\/index.php?rest_route=\/wp\/v2\/pages\/853"}],"wp:attachment":[{"href":"https:\/\/www.rhino.com.bo\/index.php?rest_route=%2Fwp%2Fv2%2Fmedia&parent=862"}],"curies":[{"name":"wp","href":"https:\/\/api.w.org\/{rel}","templated":true}]}}