{"id":859,"date":"2017-09-11T15:45:27","date_gmt":"2017-09-11T15:45:27","guid":{"rendered":"http:\/\/www.rhino.com.bo\/?page_id=859"},"modified":"2018-02-23T13:14:29","modified_gmt":"2018-02-23T13:14:29","slug":"estabilizadores","status":"publish","type":"page","link":"https:\/\/www.rhino.com.bo\/?page_id=859","title":{"rendered":"Estabilizadores"},"content":{"rendered":"<div id=\"pl-859\"  class=\"panel-layout\" ><div id=\"pg-859-0\"  class=\"panel-grid panel-has-style\" ><div class=\"siteorigin-panels-stretch panel-row-style panel-row-style-for-859-0\" data-stretch-type=\"full\" ><div id=\"pgc-859-0-0\"  class=\"panel-grid-cell\" ><div id=\"panel-859-0-0-0\" class=\"so-panel widget widget_sow-image panel-first-child panel-last-child\" data-index=\"0\" ><div\n\t\t\t\n\t\t\tclass=\"so-widget-sow-image so-widget-sow-image-default-d6014b76747a-859\"\n\t\t\t\n\t\t>\n\n<div class=\"sow-image-container\">\n\t\t<img decoding=\"async\" src=\"https:\/\/www.rhino.com.bo\/wp-content\/uploads\/10-Estabilizadores.jpg\" width=\"827\" height=\"709\" srcset=\"https:\/\/www.rhino.com.bo\/wp-content\/uploads\/10-Estabilizadores.jpg 827w, https:\/\/www.rhino.com.bo\/wp-content\/uploads\/10-Estabilizadores-300x257.jpg 300w, https:\/\/www.rhino.com.bo\/wp-content\/uploads\/10-Estabilizadores-768x658.jpg 768w\" sizes=\"(max-width: 827px) 100vw, 827px\" title=\"10 Estabilizadores\" alt=\"\" loading=\"lazy\" \t\tclass=\"so-widget-image\"\/>\n\t<\/div>\n\n<\/div><\/div><\/div><div id=\"pgc-859-0-1\"  class=\"panel-grid-cell\" ><div id=\"panel-859-0-1-0\" class=\"so-panel widget widget_sow-editor panel-first-child\" data-index=\"1\" ><div class=\"panel-widget-style panel-widget-style-for-859-0-1-0\" ><div\n\t\t\t\n\t\t\tclass=\"so-widget-sow-editor so-widget-sow-editor-base\"\n\t\t\t\n\t\t>\n<div class=\"siteorigin-widget-tinymce textwidget\">\n\t<p>Es un elemento r\u00edgido que posee dos rotulas en sus extremidades y conecta la barra estabilizadora a todo el conjunto de suspensi\u00f3n del veh\u00edculo.\u00a0Mejora la estabilidad, absorci\u00f3n de impactos evitando que el veh\u00edculo se incline demasiado en curvas y ayudando de esa manera a mantener el equilibrio de la carrocer\u00eda. El bien estar del conductor va primero, por eso La bieleta Rhino fue dise\u00f1ada y producida minuciosamente bajo el m\u00e1s estricto padr\u00f3n de calidad para brindar la m\u00e1xima seguridad y estabilidad en curvas evitando as\u00ed posibles accidentes.<\/p><\/div>\n<\/div><\/div><\/div><div id=\"panel-859-0-1-1\" class=\"so-panel widget widget_sow-button panel-last-child\" data-index=\"2\" ><div\n\t\t\t\n\t\t\tclass=\"so-widget-sow-button so-widget-sow-button-wire-cca552de5ea1-859\"\n\t\t\t\n\t\t><div class=\"ow-button-base ow-button-align-left\">\n\t<a href=\"http:\/\/www.rhino.com.bo\/wp-content\/uploads\/Estabilizadores02.jpg\" class=\"ow-icon-placement-left ow-button-hover\" target=\"_blank\" rel=\"noopener noreferrer\" \t\t>\n\t\t<span>\n\t\t\t\n\t\t\tVer m\u00e1s...\t\t<\/span>\n\t<\/a>\n<\/div>\n<\/div><\/div><\/div><\/div><\/div><\/div>","protected":false},"excerpt":{"rendered":"<p>Es un elemento r\u00edgido que posee dos rotulas en sus extremidades y conecta la barra estabilizadora a todo el conjunto de suspensi\u00f3n del veh\u00edculo.\u00a0Mejora la estabilidad, absorci\u00f3n de impactos evitando que el veh\u00edculo se incline demasiado en curvas y ayudando de esa manera a mantener el equilibrio de la carrocer\u00eda. El bien estar del conductor va primero, por eso La bieleta Rhino fue dise\u00f1ada y producida minuciosamente bajo el m\u00e1s estricto padr\u00f3n de calidad para brindar la m\u00e1xima seguridad y estabilidad en curvas evitando as\u00ed posibles accidentes.<\/p>\n","protected":false},"author":1,"featured_media":0,"parent":853,"menu_order":0,"comment_status":"closed","ping_status":"closed","template":"template-left-sidebar.php","meta":{"footnotes":""},"_links":{"self":[{"href":"https:\/\/www.rhino.com.bo\/index.php?rest_route=\/wp\/v2\/pages\/859"}],"collection":[{"href":"https:\/\/www.rhino.com.bo\/index.php?rest_route=\/wp\/v2\/pages"}],"about":[{"href":"https:\/\/www.rhino.com.bo\/index.php?rest_route=\/wp\/v2\/types\/page"}],"author":[{"embeddable":true,"href":"https:\/\/www.rhino.com.bo\/index.php?rest_route=\/wp\/v2\/users\/1"}],"replies":[{"embeddable":true,"href":"https:\/\/www.rhino.com.bo\/index.php?rest_route=%2Fwp%2Fv2%2Fcomments&post=859"}],"version-history":[{"count":13,"href":"https:\/\/www.rhino.com.bo\/index.php?rest_route=\/wp\/v2\/pages\/859\/revisions"}],"predecessor-version":[{"id":1104,"href":"https:\/\/www.rhino.com.bo\/index.php?rest_route=\/wp\/v2\/pages\/859\/revisions\/1104"}],"up":[{"embeddable":true,"href":"https:\/\/www.rhino.com.bo\/index.php?rest_route=\/wp\/v2\/pages\/853"}],"wp:attachment":[{"href":"https:\/\/www.rhino.com.bo\/index.php?rest_route=%2Fwp%2Fv2%2Fmedia&parent=859"}],"curies":[{"name":"wp","href":"https:\/\/api.w.org\/{rel}","templated":true}]}}