{"id":856,"date":"2017-09-11T15:44:16","date_gmt":"2017-09-11T15:44:16","guid":{"rendered":"http:\/\/www.rhino.com.bo\/?page_id=856"},"modified":"2018-02-23T13:19:37","modified_gmt":"2018-02-23T13:19:37","slug":"juntas-homocineticas","status":"publish","type":"page","link":"https:\/\/www.rhino.com.bo\/?page_id=856","title":{"rendered":"Juntas Homocin\u00e9ticas"},"content":{"rendered":"<div id=\"pl-856\"  class=\"panel-layout\" ><div id=\"pg-856-0\"  class=\"panel-grid panel-has-style\" ><div class=\"siteorigin-panels-stretch panel-row-style panel-row-style-for-856-0\" data-stretch-type=\"full\" ><div id=\"pgc-856-0-0\"  class=\"panel-grid-cell\" ><div id=\"panel-856-0-0-0\" class=\"so-panel widget widget_sow-image panel-first-child panel-last-child\" data-index=\"0\" ><div\n\t\t\t\n\t\t\tclass=\"so-widget-sow-image so-widget-sow-image-default-d6014b76747a-856\"\n\t\t\t\n\t\t>\n\n<div class=\"sow-image-container\">\n\t\t<img decoding=\"async\" src=\"https:\/\/www.rhino.com.bo\/wp-content\/uploads\/06-Juntas-Homocin\u00e9ticas.jpg\" width=\"827\" height=\"709\" srcset=\"https:\/\/www.rhino.com.bo\/wp-content\/uploads\/06-Juntas-Homocin\u00e9ticas.jpg 827w, https:\/\/www.rhino.com.bo\/wp-content\/uploads\/06-Juntas-Homocin\u00e9ticas-300x257.jpg 300w, https:\/\/www.rhino.com.bo\/wp-content\/uploads\/06-Juntas-Homocin\u00e9ticas-768x658.jpg 768w\" sizes=\"(max-width: 827px) 100vw, 827px\" title=\"06 Juntas Homocin\u00e9ticas\" alt=\"\" loading=\"lazy\" \t\tclass=\"so-widget-image\"\/>\n\t<\/div>\n\n<\/div><\/div><\/div><div id=\"pgc-856-0-1\"  class=\"panel-grid-cell\" ><div id=\"panel-856-0-1-0\" class=\"so-panel widget widget_sow-editor panel-first-child\" data-index=\"1\" ><div class=\"panel-widget-style panel-widget-style-for-856-0-1-0\" ><div\n\t\t\t\n\t\t\tclass=\"so-widget-sow-editor so-widget-sow-editor-base\"\n\t\t\t\n\t\t>\n<div class=\"siteorigin-widget-tinymce textwidget\">\n\t<p>La junta homocin\u00e9tica trabaja como un rodamiento y tiene como funciones principales la de trasmitir la fuerza del motor a la rueda y permitir que la misma siga girando aunque el veh\u00edculo se encuentre en una curva.\u00a0Esta es una de las partes m\u00e1s importantes ya que sin ella el veh\u00edculo ser\u00eda incapaz de seguir en movimiento cuando la rueda se encuentre girada.<\/p>\n<p>La junta homocin\u00e9tica RHINO es producida bajo los m\u00e1s estrictos controles de calidad y dise\u00f1ada para que funcione excelentemente bien en carreteras de diferentes condiciones. Est\u00e1 hecha para durar y eso se comprueba a diario en su perfecto funcionamiento en las v\u00edas de nuestro pa\u00eds.<\/p><\/div>\n<\/div><\/div><\/div><div id=\"panel-856-0-1-1\" class=\"so-panel widget widget_sow-button panel-last-child\" data-index=\"2\" ><div\n\t\t\t\n\t\t\tclass=\"so-widget-sow-button so-widget-sow-button-wire-cca552de5ea1-856\"\n\t\t\t\n\t\t><div class=\"ow-button-base ow-button-align-left\">\n\t<a href=\"http:\/\/www.rhino.com.bo\/wp-content\/uploads\/JuntasHomocineticas02.jpg\" class=\"ow-icon-placement-left ow-button-hover\" target=\"_blank\" rel=\"noopener noreferrer\" \t\t>\n\t\t<span>\n\t\t\t\n\t\t\tVer m\u00e1s...\t\t<\/span>\n\t<\/a>\n<\/div>\n<\/div><\/div><\/div><\/div><\/div><\/div>","protected":false},"excerpt":{"rendered":"<p>La junta homocin\u00e9tica trabaja como un rodamiento y tiene como funciones principales la de trasmitir la fuerza del motor a la rueda y permitir que la misma siga girando aunque el veh\u00edculo se encuentre en una curva.\u00a0Esta es una de las partes m\u00e1s importantes ya que sin ella el veh\u00edculo ser\u00eda incapaz de seguir en movimiento cuando la rueda se encuentre girada. La junta homocin\u00e9tica RHINO es producida bajo los m\u00e1s estrictos controles de calidad y dise\u00f1ada para que funcione excelentemente bien en carreteras de diferentes condiciones. Est\u00e1 hecha para durar y eso se comprueba a diario en su perfecto&#8230; <\/p>\n","protected":false},"author":1,"featured_media":0,"parent":853,"menu_order":0,"comment_status":"closed","ping_status":"closed","template":"template-left-sidebar.php","meta":{"footnotes":""},"_links":{"self":[{"href":"https:\/\/www.rhino.com.bo\/index.php?rest_route=\/wp\/v2\/pages\/856"}],"collection":[{"href":"https:\/\/www.rhino.com.bo\/index.php?rest_route=\/wp\/v2\/pages"}],"about":[{"href":"https:\/\/www.rhino.com.bo\/index.php?rest_route=\/wp\/v2\/types\/page"}],"author":[{"embeddable":true,"href":"https:\/\/www.rhino.com.bo\/index.php?rest_route=\/wp\/v2\/users\/1"}],"replies":[{"embeddable":true,"href":"https:\/\/www.rhino.com.bo\/index.php?rest_route=%2Fwp%2Fv2%2Fcomments&post=856"}],"version-history":[{"count":16,"href":"https:\/\/www.rhino.com.bo\/index.php?rest_route=\/wp\/v2\/pages\/856\/revisions"}],"predecessor-version":[{"id":1110,"href":"https:\/\/www.rhino.com.bo\/index.php?rest_route=\/wp\/v2\/pages\/856\/revisions\/1110"}],"up":[{"embeddable":true,"href":"https:\/\/www.rhino.com.bo\/index.php?rest_route=\/wp\/v2\/pages\/853"}],"wp:attachment":[{"href":"https:\/\/www.rhino.com.bo\/index.php?rest_route=%2Fwp%2Fv2%2Fmedia&parent=856"}],"curies":[{"name":"wp","href":"https:\/\/api.w.org\/{rel}","templated":true}]}}