{"id":850,"date":"2017-09-11T15:37:24","date_gmt":"2017-09-11T15:37:24","guid":{"rendered":"http:\/\/www.rhino.com.bo\/?page_id=850"},"modified":"2018-02-23T13:18:42","modified_gmt":"2018-02-23T13:18:42","slug":"amortiguadores-de-suspension","status":"publish","type":"page","link":"https:\/\/www.rhino.com.bo\/?page_id=850","title":{"rendered":"Amortiguadores de Suspensi\u00f3n"},"content":{"rendered":"<div id=\"pl-850\"  class=\"panel-layout\" ><div id=\"pg-850-0\"  class=\"panel-grid panel-has-style\" ><div class=\"siteorigin-panels-stretch panel-row-style panel-row-style-for-850-0\" data-stretch-type=\"full\" ><div id=\"pgc-850-0-0\"  class=\"panel-grid-cell\" ><div id=\"panel-850-0-0-0\" class=\"so-panel widget widget_sow-image panel-first-child panel-last-child\" data-index=\"0\" ><div\n\t\t\t\n\t\t\tclass=\"so-widget-sow-image so-widget-sow-image-default-d6014b76747a-850\"\n\t\t\t\n\t\t>\n\n<div class=\"sow-image-container\">\n\t\t<img decoding=\"async\" src=\"https:\/\/www.rhino.com.bo\/wp-content\/uploads\/19-Amortiguadores-de-Suspension.jpg\" width=\"827\" height=\"709\" srcset=\"https:\/\/www.rhino.com.bo\/wp-content\/uploads\/19-Amortiguadores-de-Suspension.jpg 827w, https:\/\/www.rhino.com.bo\/wp-content\/uploads\/19-Amortiguadores-de-Suspension-300x257.jpg 300w, https:\/\/www.rhino.com.bo\/wp-content\/uploads\/19-Amortiguadores-de-Suspension-768x658.jpg 768w\" sizes=\"(max-width: 827px) 100vw, 827px\" title=\"19 Amortiguadores de Suspension\" alt=\"\" loading=\"lazy\" \t\tclass=\"so-widget-image\"\/>\n\t<\/div>\n\n<\/div><\/div><\/div><div id=\"pgc-850-0-1\"  class=\"panel-grid-cell\" ><div id=\"panel-850-0-1-0\" class=\"so-panel widget widget_sow-editor panel-first-child\" data-index=\"1\" ><div\n\t\t\t\n\t\t\tclass=\"so-widget-sow-editor so-widget-sow-editor-base\"\n\t\t\t\n\t\t>\n<div class=\"siteorigin-widget-tinymce textwidget\">\n\t<p>El amortiguador Nitro de RHINO que conoce muy bien el suelo Boliviano, fue dise\u00f1ado para presentar un perfecto rendimiento en todo tipo de carreteras y sobre situaciones de uso constante.<br \/> Funcionamiento del amortiguador Nitro de RHINO.<\/p>\n<p>\u00a0<\/p>\n<p>El amortiguador RHINO de doble acci\u00f3n de la serie NITRO lleva una poderosa aplicaci\u00f3n de nitr\u00f3geno bajo alta presi\u00f3n que evita la formaci\u00f3n de burbujas de aire en el aceite dentro de la c\u00e1mara, asegurando de esa manera un excelente funcionamiento en situaciones de uso intenso, proporcionando m\u00e1s estabilidad al veh\u00edculo y garantizando una larga vida \u00fatil al producto.<\/p><\/div>\n<\/div><\/div><div id=\"panel-850-0-1-1\" class=\"so-panel widget widget_sow-button panel-last-child\" data-index=\"2\" ><div class=\"panel-widget-style panel-widget-style-for-850-0-1-1\" ><div\n\t\t\t\n\t\t\tclass=\"so-widget-sow-button so-widget-sow-button-wire-086bc183b3fe-850\"\n\t\t\t\n\t\t><div class=\"ow-button-base ow-button-align-left\">\n\t<a href=\"http:\/\/www.rhino.com.bo\/wp-content\/uploads\/Amortiguadores-de-Suspension.jpg\" class=\"ow-icon-placement-left ow-button-hover\" target=\"_blank\" rel=\"noopener noreferrer\" \t\t>\n\t\t<span>\n\t\t\t\n\t\t\tVer m\u00e1s...\t\t<\/span>\n\t<\/a>\n<\/div>\n<\/div><\/div><\/div><\/div><\/div><\/div><\/div>","protected":false},"excerpt":{"rendered":"<p>El amortiguador Nitro de RHINO que conoce muy bien el suelo Boliviano, fue dise\u00f1ado para presentar un perfecto rendimiento en todo tipo de carreteras y sobre situaciones de uso constante. Funcionamiento del amortiguador Nitro de RHINO. \u00a0 El amortiguador RHINO de doble acci\u00f3n de la serie NITRO lleva una poderosa aplicaci\u00f3n de nitr\u00f3geno bajo alta presi\u00f3n que evita la formaci\u00f3n de burbujas de aire en el aceite dentro de la c\u00e1mara, asegurando de esa manera un excelente funcionamiento en situaciones de uso intenso, proporcionando m\u00e1s estabilidad al veh\u00edculo y garantizando una larga vida \u00fatil al producto.<\/p>\n","protected":false},"author":1,"featured_media":0,"parent":23,"menu_order":0,"comment_status":"closed","ping_status":"closed","template":"template-left-sidebar.php","meta":{"footnotes":""},"_links":{"self":[{"href":"https:\/\/www.rhino.com.bo\/index.php?rest_route=\/wp\/v2\/pages\/850"}],"collection":[{"href":"https:\/\/www.rhino.com.bo\/index.php?rest_route=\/wp\/v2\/pages"}],"about":[{"href":"https:\/\/www.rhino.com.bo\/index.php?rest_route=\/wp\/v2\/types\/page"}],"author":[{"embeddable":true,"href":"https:\/\/www.rhino.com.bo\/index.php?rest_route=\/wp\/v2\/users\/1"}],"replies":[{"embeddable":true,"href":"https:\/\/www.rhino.com.bo\/index.php?rest_route=%2Fwp%2Fv2%2Fcomments&post=850"}],"version-history":[{"count":29,"href":"https:\/\/www.rhino.com.bo\/index.php?rest_route=\/wp\/v2\/pages\/850\/revisions"}],"predecessor-version":[{"id":1108,"href":"https:\/\/www.rhino.com.bo\/index.php?rest_route=\/wp\/v2\/pages\/850\/revisions\/1108"}],"up":[{"embeddable":true,"href":"https:\/\/www.rhino.com.bo\/index.php?rest_route=\/wp\/v2\/pages\/23"}],"wp:attachment":[{"href":"https:\/\/www.rhino.com.bo\/index.php?rest_route=%2Fwp%2Fv2%2Fmedia&parent=850"}],"curies":[{"name":"wp","href":"https:\/\/api.w.org\/{rel}","templated":true}]}}