{"id":39,"date":"2016-11-15T14:23:23","date_gmt":"2016-11-15T14:23:23","guid":{"rendered":"http:\/\/www.rhino.com.bo\/?page_id=39"},"modified":"2017-08-29T13:11:22","modified_gmt":"2017-08-29T13:11:22","slug":"contacto","status":"publish","type":"page","link":"https:\/\/www.rhino.com.bo\/?page_id=39","title":{"rendered":"Contacto"},"content":{"rendered":"<div id=\"pl-39\"  class=\"panel-layout\" ><div id=\"pg-39-0\"  class=\"panel-grid panel-has-style\" ><div id=\"contact\" class=\"panel-row-style panel-row-style-for-39-0\" ><div id=\"pgc-39-0-0\"  class=\"panel-grid-cell\" ><div id=\"panel-39-0-0-0\" class=\"so-panel widget widget_sow-headline panel-first-child\" data-index=\"0\" ><div\n\t\t\t\n\t\t\tclass=\"so-widget-sow-headline so-widget-sow-headline-default-62fa7f2e6dae-39\"\n\t\t\t\n\t\t><div class=\"sow-headline-container \">\n\t<p class='sow-sub-headline'>Env\u00edenos su consulta o requerimiento, estaremos gustosos de atenderlo...<\/p><\/div><\/div><\/div><div id=\"panel-39-0-0-1\" class=\"so-panel widget widget_sow-contact-form panel-last-child\" data-index=\"1\" ><div class=\"panel-widget-style panel-widget-style-for-39-0-0-1\" ><div\n\t\t\t\n\t\t\tclass=\"so-widget-sow-contact-form so-widget-sow-contact-form-default-88bce1ad8425-39\"\n\t\t\t\n\t\t>\t<form\n\t\taction=\"\/index.php?rest_route=%2Fwp%2Fv2%2Fpages%2F39\"\n\t\tmethod=\"POST\"\n\t\tclass=\"sow-contact-form\"\n\t\tid=\"contact-form-8961\"\n\t>\n\n\t\t\n\t\t            <div class=\"sow-form-field sow-form-field-name\"><label class=\"sow-form-field-label-above\" for=\"sow-contact-form-field-nombre-5873e77c1f309\">\n\t\t\t\t<strong>\n\t\t\t\t\tNombre\t\t\t\t\t\t\t\t\t<\/strong>\n\t\t\t<\/label>\n\t\t\t<span class=\"sow-field-container\">\t\t<input\n\t\t\ttype=\"text\"\n\t\t\tname=\"nombre-5873e77c1f309\"\n\t\t\tid=\"sow-contact-form-field-nombre-5873e77c1f309\"\n\t\t\tvalue=\"\"\n\t\t\tclass=\"sow-text-field\"\n\t\t\t\t\t\/>\n\t\t<\/span><\/div>            <div class=\"sow-form-field sow-form-field-email\"><label class=\"sow-form-field-label-above\" for=\"sow-contact-form-field-correo-electrnico-5873e77c1f309\">\n\t\t\t\t<strong>\n\t\t\t\t\tCorreo electr\u00f3nico\t\t\t\t\t\t\t\t\t<\/strong>\n\t\t\t<\/label>\n\t\t\t<span class=\"sow-field-container\">\t\t<input\n\t\t\ttype=\"email\"\n\t\t\tname=\"correo-electrnico-5873e77c1f309\"\n\t\t\tid=\"sow-contact-form-field-correo-electrnico-5873e77c1f309\"\n\t\t\tvalue=\"\"\n\t\t\tclass=\"sow-text-field\"\t\t\t\t\t\/>\n\t\t<\/span><\/div>            <div class=\"sow-form-field sow-form-field-text\"><label class=\"sow-form-field-label-above\" for=\"sow-contact-form-field-nmero-de-telfono-5873e77c1f309\">\n\t\t\t\t<strong>\n\t\t\t\t\tN\u00famero de Tel\u00e9fono\t\t\t\t\t\t\t\t\t<\/strong>\n\t\t\t<\/label>\n\t\t\t<span class=\"sow-field-container\">\t\t<input\n\t\t\ttype=\"text\"\n\t\t\tname=\"nmero-de-telfono-5873e77c1f309\"\n\t\t\tid=\"sow-contact-form-field-nmero-de-telfono-5873e77c1f309\"\n\t\t\tvalue=\"\"\n\t\t\tclass=\"sow-text-field\"\t\t\t\t\t\/>\n\t\t<\/span><\/div>            <div class=\"sow-form-field sow-form-field-textarea\"><label class=\"sow-form-field-label-above\" for=\"sow-contact-form-field-mensaje-5873e77c1f309\">\n\t\t\t\t<strong>\n\t\t\t\t\tMensaje\t\t\t\t\t\t\t\t\t<\/strong>\n\t\t\t<\/label>\n\t\t\t<span class=\"sow-field-container\">\t\t<textarea\n\t\t\tname=\"mensaje-5873e77c1f309\"\n\t\t\tid=\"sow-contact-form-field-mensaje-5873e77c1f309\"\n\t\t\trows=\"10\"\n\t\t\t\t\t\t\t\t><\/textarea>\n\t\t<\/span><\/div>\t\t\n\t\t\n\t\t\n\t\t<input type=\"hidden\" name=\"instance_hash\" value=\"896118fecc411342db81c9a68d1808db\" \/>\n\t\t<input type=\"hidden\" id=\"_wpnonce\" name=\"_wpnonce\" value=\"3d9c84bab0\" \/><input type=\"hidden\" name=\"_wp_http_referer\" value=\"\/index.php?rest_route=%2Fwp%2Fv2%2Fpages%2F39\" \/>\t\t<div class=\"sow-submit-wrapper sow-submit-styled\">\n\n\t\t<button class=\"sow-submit\"\n\t\t\t\t\t\t\t\t>\n\t\t\tEnviar...\t\t<\/button>\n\n\t\t<\/div>\n\t<\/form>\n\t<\/div><\/div><\/div><\/div><\/div><\/div><\/div>","protected":false},"excerpt":{"rendered":"<p>Env\u00edenos su consulta o requerimiento, estaremos gustosos de atenderlo&#8230; Nombre Correo electr\u00f3nico N\u00famero de Tel\u00e9fono Mensaje Enviar&#8230;<\/p>\n","protected":false},"author":1,"featured_media":0,"parent":0,"menu_order":5,"comment_status":"closed","ping_status":"closed","template":"template-no-sidebar.php","meta":{"footnotes":""},"_links":{"self":[{"href":"https:\/\/www.rhino.com.bo\/index.php?rest_route=\/wp\/v2\/pages\/39"}],"collection":[{"href":"https:\/\/www.rhino.com.bo\/index.php?rest_route=\/wp\/v2\/pages"}],"about":[{"href":"https:\/\/www.rhino.com.bo\/index.php?rest_route=\/wp\/v2\/types\/page"}],"author":[{"embeddable":true,"href":"https:\/\/www.rhino.com.bo\/index.php?rest_route=\/wp\/v2\/users\/1"}],"replies":[{"embeddable":true,"href":"https:\/\/www.rhino.com.bo\/index.php?rest_route=%2Fwp%2Fv2%2Fcomments&post=39"}],"version-history":[{"count":68,"href":"https:\/\/www.rhino.com.bo\/index.php?rest_route=\/wp\/v2\/pages\/39\/revisions"}],"predecessor-version":[{"id":760,"href":"https:\/\/www.rhino.com.bo\/index.php?rest_route=\/wp\/v2\/pages\/39\/revisions\/760"}],"wp:attachment":[{"href":"https:\/\/www.rhino.com.bo\/index.php?rest_route=%2Fwp%2Fv2%2Fmedia&parent=39"}],"curies":[{"name":"wp","href":"https:\/\/api.w.org\/{rel}","templated":true}]}}