{"id":37,"date":"2016-11-15T14:22:45","date_gmt":"2016-11-15T14:22:45","guid":{"rendered":"http:\/\/www.rhino.com.bo\/?page_id=37"},"modified":"2017-08-22T16:18:07","modified_gmt":"2017-08-22T16:18:07","slug":"preguntas-frecuentes","status":"publish","type":"page","link":"https:\/\/www.rhino.com.bo\/?page_id=37","title":{"rendered":"Dr. Rhino Responde"},"content":{"rendered":"<div id=\"pl-37\"  class=\"panel-layout\" ><div id=\"pg-37-0\"  class=\"panel-grid panel-has-style\" ><div class=\"siteorigin-panels-stretch panel-row-style panel-row-style-for-37-0\" data-stretch-type=\"full\" ><div id=\"pgc-37-0-0\"  class=\"panel-grid-cell\" ><div id=\"panel-37-0-0-0\" class=\"so-panel widget widget_sow-editor panel-first-child\" data-index=\"0\" ><div\n\t\t\t\n\t\t\tclass=\"so-widget-sow-editor so-widget-sow-editor-base\"\n\t\t\t\n\t\t><h3 class=\"widget-title\">\u00bfQu\u00e9 es la suspensi\u00f3n del auto?<\/h3>\n<div class=\"siteorigin-widget-tinymce textwidget\">\n\t<p style=\"text-align: left;\">Son un conjunto de elementos que se encargan de mantener las ruedas del coche sobre el pavimento y de absorber las irregularidades que se presentan en el camino mientras nuestro veh\u00edculo est\u00e1 en movimiento. Es decir, en caso de que lleg\u00e1ramos a pasar por un bache, la suspensi\u00f3n absorber\u00e1 gran parte del impacto para que nosotros no lo sintamos en el interior de la cabina. Por ello este sistema es importante, puesto que le brinda al conductor estabilidad en el carro y confort al conducirlo.<\/p>\n<\/div>\n<\/div><\/div><div id=\"panel-37-0-0-1\" class=\"so-panel widget widget_sow-editor\" data-index=\"1\" ><div\n\t\t\t\n\t\t\tclass=\"so-widget-sow-editor so-widget-sow-editor-base\"\n\t\t\t\n\t\t><h3 class=\"widget-title\">\u00bfComo preservar la vida \u00fatil de mi suspensi\u00f3n?<\/h3>\n<div class=\"siteorigin-widget-tinymce textwidget\">\n\t<p style=\"text-align: left;\">A veces nos preguntamos, como puedo aumentar la vida \u00fatil de mi suspensi\u00f3n? Para preservar la vida \u00fatil de sus partes es muy importante respetar el peso de carga indicado por el fabricante del veh\u00edculo, ya que cada modelo posee diferentes indicaciones de l\u00edmite de carga que han sido cuidadosamente creadas para garantizar un \u00f3ptimo desempe\u00f1o de la suspensi\u00f3n bajo situaciones controladas.<\/p>\n<p style=\"text-align: left;\">Tambi\u00e9n se recomienda equilibrar la carga a los lados del veh\u00edculo, eso ayudara a que el conjunto de suspensi\u00f3n trabaje de manera uniforme y evitara la inestabilidad en curvas.<\/p>\n<\/div>\n<\/div><\/div><div id=\"panel-37-0-0-2\" class=\"so-panel widget widget_sow-editor panel-last-child\" data-index=\"2\" ><div\n\t\t\t\n\t\t\tclass=\"so-widget-sow-editor so-widget-sow-editor-base\"\n\t\t\t\n\t\t><h3 class=\"widget-title\">\u00bfAmortiguadores en mal estado, pueden causar accidentes?<\/h3>\n<div class=\"siteorigin-widget-tinymce textwidget\">\n\t<p style=\"text-align: left;\">El amortiguador en mal estado significa un serio riesgo a la seguridad del chofer y sus pasajeros pues compromete el frenage del veh\u00edculo de forma completa con hasta 4 Metro a mas de lo normal, adem\u00e1s disminuye la estabilidad haciendo de que el conductor pueda perder el control del veh\u00edculo en curvas o en v\u00edas no pavimentadas.<br \/>Considerando de que la vida \u00fatil del amortiguador depender\u00e1 mucho de las condiciones del uso de su veh\u00edculo, se recomienda hacer revisiones peri\u00f3dicas con un profesional.<\/p>\n<\/div>\n<\/div><\/div><\/div><div id=\"pgc-37-0-1\"  class=\"panel-grid-cell\" ><div id=\"panel-37-0-1-0\" class=\"widget_text so-panel widget widget_custom_html panel-first-child\" data-index=\"3\" ><div class=\"widget_text panel-widget-style panel-widget-style-for-37-0-1-0\" ><div class=\"textwidget custom-html-widget\">Dr. Rhino\nDr. RhinoDr. Rhino\nDr. RhinoDr. Rhino\nDr. RhinoDr. Rhino\nDr. RhinoDr. Rhino\nDr. RhinoDr. Rhino\nDr. RhinoDr. Rhino\nDr. RhinoDr. Rhino\nDr. RhinoDr. Rhino\nDr. RhinoDr. Rhino\nDr. RhinoDr. Rhino\nDr. RhinoDr. Rhino\nDr. RhinoDr. Rhino\nDr. RhinoDr. Rhino\nDr. RhinoDr. Rhino\nDr. RhinoDr. Rhino\nDr. RhinoDr. Rhino\nDr. RhinoDr. Rhino\nDr. RhinoDr. Rhino\nDr. RhinoDr. Rhino\nDr. RhinoDr. Rhino\nDr. RhinoDr. Rhino<\/div><\/div><\/div><div id=\"panel-37-0-1-1\" class=\"so-panel widget widget_sow-image\" data-index=\"4\" ><div\n\t\t\t\n\t\t\tclass=\"so-widget-sow-image so-widget-sow-image-default-7877d6771435-37\"\n\t\t\t\n\t\t>\n\n<div class=\"sow-image-container\">\n\t\t<img decoding=\"async\" src=\"https:\/\/www.rhino.com.bo\/wp-content\/uploads\/Dr-Rhino-200x300.png\" width=\"200\" height=\"300\" srcset=\"https:\/\/www.rhino.com.bo\/wp-content\/uploads\/Dr-Rhino-200x300.png 200w, https:\/\/www.rhino.com.bo\/wp-content\/uploads\/Dr-Rhino-768x1152.png 768w, https:\/\/www.rhino.com.bo\/wp-content\/uploads\/Dr-Rhino-683x1024.png 683w, https:\/\/www.rhino.com.bo\/wp-content\/uploads\/Dr-Rhino.png 1575w\" sizes=\"(max-width: 200px) 100vw, 200px\" alt=\"\" loading=\"lazy\" \t\tclass=\"so-widget-image\"\/>\n\t<\/div>\n\n<\/div><\/div><div id=\"panel-37-0-1-2\" class=\"widget_text so-panel widget widget_custom_html panel-last-child\" data-index=\"5\" ><div class=\"textwidget custom-html-widget\"><\/div><\/div><\/div><div id=\"pgc-37-0-2\"  class=\"panel-grid-cell\" ><div id=\"panel-37-0-2-0\" class=\"so-panel widget widget_sow-editor panel-first-child\" data-index=\"6\" ><div\n\t\t\t\n\t\t\tclass=\"so-widget-sow-editor so-widget-sow-editor-base\"\n\t\t\t\n\t\t><h3 class=\"widget-title\">A mayor carga \u00bfmayor consumo de combustible?<\/h3>\n<div class=\"siteorigin-widget-tinymce textwidget\">\n\t<p style=\"text-align: left;\">Adem\u00e1s de disminuir la vida \u00fatil de la suspensi\u00f3n, cargar en exceso su veh\u00edculo hace que el mismo consuma m\u00e1s combustible por lo que se recomienda siempre andar con el peso necesario cargado. Es decir, todo lo que est\u00e1 adentro del veh\u00edculo y no es de necesidad deber\u00eda de ser descargado con la finalidad de minimizar el consumo de combustible y aumentar la vida \u00fatil de suspensi\u00f3n.<\/p>\n<\/div>\n<\/div><\/div><div id=\"panel-37-0-2-1\" class=\"so-panel widget widget_sow-editor\" data-index=\"7\" ><div\n\t\t\t\n\t\t\tclass=\"so-widget-sow-editor so-widget-sow-editor-base\"\n\t\t\t\n\t\t><h3 class=\"widget-title\">\u00bfAmortiguadores en mal estado, pueden causar accidentes?<\/h3>\n<div class=\"siteorigin-widget-tinymce textwidget\">\n\t<p style=\"text-align: left;\">El amortiguador en mal estado significa un serio riesgo a la seguridad del chofer y sus pasajeros pues compromete el frenado del veh\u00edculo de forma completa con hasta 4 o m\u00e1s metros de lo normal, adem\u00e1s disminuye la estabilidad haciendo de que el conductor pueda perder el control del veh\u00edculo en curvas o en v\u00edas no pavimentadas.<\/p>\n<p style=\"text-align: left;\">Considerando de que la vida \u00fatil del amortiguador depender\u00e1 mucho de las condiciones del uso de su veh\u00edculo, se recomienda hacer revisiones peri\u00f3dicas con un profesional.<\/p>\n<\/div>\n<\/div><\/div><div id=\"panel-37-0-2-2\" class=\"so-panel widget widget_sow-editor panel-last-child\" data-index=\"8\" ><div\n\t\t\t\n\t\t\tclass=\"so-widget-sow-editor so-widget-sow-editor-base\"\n\t\t\t\n\t\t><h3 class=\"widget-title\">\u00bfSe debe lavar la suspensi\u00f3n?<\/h3>\n<div class=\"siteorigin-widget-tinymce textwidget\">\n\t<p style=\"text-align: left;\">Al lavar la suspension, se recomienda siempre evitar productos derivados del petr\u00f3leo pues ese tipo de producto ataca qu\u00edmicamente a la goma presente en algunos componentes disminuyendo su vida \u00fatil, <br \/>Lo mas indicado es utilizar aguas y detergentes neutros.<\/p>\n<\/div>\n<\/div><\/div><\/div><\/div><\/div><\/div>","protected":false},"excerpt":{"rendered":"<p>Son un conjunto de elementos que se encargan de mantener las ruedas del coche sobre el pavimento y de absorber las irregularidades que se presentan en el camino mientras nuestro veh\u00edculo est\u00e1 en movimiento. Es decir, en caso de que lleg\u00e1ramos a pasar por un bache, la suspensi\u00f3n absorber\u00e1 gran parte del impacto para que nosotros no lo sintamos en el interior de la cabina. Por ello este sistema es importante, puesto que le brinda al conductor estabilidad en el carro y confort al conducirlo. A veces nos preguntamos, como puedo aumentar la vida \u00fatil de mi suspensi\u00f3n? Para preservar&#8230; <\/p>\n","protected":false},"author":1,"featured_media":0,"parent":0,"menu_order":4,"comment_status":"closed","ping_status":"closed","template":"template-full-width.php","meta":{"footnotes":""},"_links":{"self":[{"href":"https:\/\/www.rhino.com.bo\/index.php?rest_route=\/wp\/v2\/pages\/37"}],"collection":[{"href":"https:\/\/www.rhino.com.bo\/index.php?rest_route=\/wp\/v2\/pages"}],"about":[{"href":"https:\/\/www.rhino.com.bo\/index.php?rest_route=\/wp\/v2\/types\/page"}],"author":[{"embeddable":true,"href":"https:\/\/www.rhino.com.bo\/index.php?rest_route=\/wp\/v2\/users\/1"}],"replies":[{"embeddable":true,"href":"https:\/\/www.rhino.com.bo\/index.php?rest_route=%2Fwp%2Fv2%2Fcomments&post=37"}],"version-history":[{"count":107,"href":"https:\/\/www.rhino.com.bo\/index.php?rest_route=\/wp\/v2\/pages\/37\/revisions"}],"predecessor-version":[{"id":757,"href":"https:\/\/www.rhino.com.bo\/index.php?rest_route=\/wp\/v2\/pages\/37\/revisions\/757"}],"wp:attachment":[{"href":"https:\/\/www.rhino.com.bo\/index.php?rest_route=%2Fwp%2Fv2%2Fmedia&parent=37"}],"curies":[{"name":"wp","href":"https:\/\/api.w.org\/{rel}","templated":true}]}}